{"id":6,"date":"2018-04-27T18:14:18","date_gmt":"2018-04-27T16:14:18","guid":{"rendered":"http:\/\/bozppoczech.cz\/?page_id=6"},"modified":"2022-04-26T15:22:45","modified_gmt":"2022-04-26T13:22:45","slug":"kontakt","status":"publish","type":"page","link":"https:\/\/bozppoczech.cz\/?page_id=6","title":{"rendered":"KONTAKT"},"content":{"rendered":"<p><strong>Jaroslav P\u0159ibyl\u00a0\u00a0<\/strong><br \/>\nOsoba odborn\u011b zp\u016fsobil\u00e1 v&nbsp;po\u017e\u00e1rn\u00ed ochran\u011b<br \/>\nOsoba odborn\u011b zp\u016fsobil\u00e1 v&nbsp;bezpe\u010dnosti a ochran\u011b zdrav\u00ed p\u0159i pr\u00e1ci<br \/>\nHygiena pr\u00e1ce<br \/>\n\u017divotn\u00ed prost\u0159ed\u00ed \u2013 ochrana vod<\/p>\n<p>tel.: 731\u00a0804&nbsp;964<br \/>\nmail: <a href=\"mailto:pribyl@bozppoczech.cz\">pribyl@bozppoczech.cz<\/a><\/p>\n<p><strong>Ing. Zuzana Bedn\u00e1\u0159ov\u00e1<\/strong><br \/>\nPodnikov\u00e1 ekologie<br \/>\nOchrana vod<br \/>\nOchrana ovzdu\u0161\u00ed<br \/>\nOdpadov\u00e9 hospod\u00e1\u0159stv\u00ed<\/p>\n<p><strong>Ing. Petr Kos\u00e1r, Ph.D.<\/strong><br \/>\nChemick\u00e9 l\u00e1tky a sm\u011bsi<\/p>\n<p><strong>MVDr. Josef \u0160t\u00fdbr<\/strong><br \/>\nHygiena pr\u00e1ce<br \/>\nHygiena v\u00fd\u017eivy<\/p>\n<p><strong>Ing. Ladislav Merfait<\/strong><br \/>\nrevizn\u00ed technik vyhrazen\u00fdch technick\u00fdch za\u0159\u00edzen\u00ed \u2013 zdvihac\u00ed, tlakov\u00e9 a plynov\u00e9 za\u0159\u00edzen\u00ed<\/p>\n<p><strong>Daniel Merfait<\/strong><br \/>\nRevizn\u00ed technik vyhrazen\u00fdch technick\u00fdch za\u0159\u00edzen\u00ed \u2013 tlakov\u00e9 a plynov\u00e9 za\u0159\u00edzen\u00ed<\/p>\n<p><strong>Franti\u0161ek Voz\u00e1b<\/strong><br \/>\nRevizn\u00ed technik elektrick\u00fdch za\u0159\u00edzen\u00ed a hromosvod\u016f<\/p>\n<p><STRONG>Mgr. Kate\u0159ina Jankovcov\u00e1, DiS.<\/strong><br \/>\nDiplomovan\u00fd zdravotnick\u00fd z\u00e1chran\u00e1\u0159<br \/>\nOdborn\u00e9 \u0161kolen\u00ed prvn\u00ed pomoci<\/p>\n","protected":false},"excerpt":{"rendered":"<p>Jaroslav P\u0159ibyl\u00a0\u00a0 Osoba odborn\u011b zp\u016fsobil\u00e1 v&nbsp;po\u017e\u00e1rn\u00ed ochran\u011b Osoba odborn\u011b zp\u016fsobil\u00e1 v&nbsp;bezpe\u010dnosti a ochran\u011b zdrav\u00ed p\u0159i pr\u00e1ci Hygiena pr\u00e1ce \u017divotn\u00ed prost\u0159ed\u00ed \u2013 ochrana vod tel.: 731\u00a0804&nbsp;964 mail: pribyl@bozppoczech.cz Ing. Zuzana Bedn\u00e1\u0159ov\u00e1 Podnikov\u00e1 ekologie Ochrana vod Ochrana ovzdu\u0161\u00ed Odpadov\u00e9 hospod\u00e1\u0159stv\u00ed Ing. Petr Kos\u00e1r, Ph.D. Chemick\u00e9 l\u00e1tky a sm\u011bsi MVDr. Josef \u0160t\u00fdbr Hygiena pr\u00e1ce Hygiena v\u00fd\u017eivy Ing. Ladislav [&hellip;]<\/p>\n","protected":false},"author":1,"featured_media":0,"parent":0,"menu_order":0,"comment_status":"closed","ping_status":"closed","template":"","meta":[],"_links":{"self":[{"href":"https:\/\/bozppoczech.cz\/index.php?rest_route=\/wp\/v2\/pages\/6"}],"collection":[{"href":"https:\/\/bozppoczech.cz\/index.php?rest_route=\/wp\/v2\/pages"}],"about":[{"href":"https:\/\/bozppoczech.cz\/index.php?rest_route=\/wp\/v2\/types\/page"}],"author":[{"embeddable":true,"href":"https:\/\/bozppoczech.cz\/index.php?rest_route=\/wp\/v2\/users\/1"}],"replies":[{"embeddable":true,"href":"https:\/\/bozppoczech.cz\/index.php?rest_route=%2Fwp%2Fv2%2Fcomments&post=6"}],"version-history":[{"count":13,"href":"https:\/\/bozppoczech.cz\/index.php?rest_route=\/wp\/v2\/pages\/6\/revisions"}],"predecessor-version":[{"id":556,"href":"https:\/\/bozppoczech.cz\/index.php?rest_route=\/wp\/v2\/pages\/6\/revisions\/556"}],"wp:attachment":[{"href":"https:\/\/bozppoczech.cz\/index.php?rest_route=%2Fwp%2Fv2%2Fmedia&parent=6"}],"curies":[{"name":"wp","href":"https:\/\/api.w.org\/{rel}","templated":true}]}}