{"id":34,"date":"2018-06-21T17:20:54","date_gmt":"2018-06-21T15:20:54","guid":{"rendered":"http:\/\/bozppoczech.cz\/?page_id=34"},"modified":"2018-07-05T20:02:44","modified_gmt":"2018-07-05T18:02:44","slug":"hygiena-vyzivy","status":"publish","type":"page","link":"https:\/\/bozppoczech.cz\/?page_id=34","title":{"rendered":"HYGIENA V\u00dd\u017dIVY"},"content":{"rendered":"<p><strong>Hygiena v\u00fd\u017eivy<\/strong> \u2013 oblast, kter\u00e1 je mnoh\u00fdm z&nbsp;n\u00e1s nezn\u00e1ma anebo nem\u00e1me odpov\u00eddaj\u00edc\u00ed znalosti o jej\u00edm podstatn\u00e9m vlivu na na\u0161e zdrav\u00ed. Ka\u017ed\u00e1 provozovna stravovac\u00edch slu\u017eeb (hotely, penziony, restaurace, bistra, bufety, kav\u00e1rny, bary, rychl\u00e1 ob\u010derstven\u00ed atd.) je povinna dodr\u017eovat p\u0159i nakl\u00e1d\u00e1n\u00ed s&nbsp;potravinami \u017eivo\u010di\u0161n\u00e9ho p\u016fvodu hygienick\u00e9 p\u0159edpisy, kter\u00fdmi vyhodnocuj\u00ed a eliminuj\u00ed rizika vzniku z\u00e1va\u017en\u00fdch onemocn\u011bn\u00ed.<\/p>\n<p>V\u00a0r\u00e1mci odborn\u011b zp\u016fsobil\u00e9 osoby, n\u011bkolikalet\u00e9 praxe a zodpov\u011bdn\u00e9ho p\u0159\u00edstupu k\u00a0hygien\u011b v\u00fd\u017eivy zpracujeme pro stravovac\u00ed provozy ve\u0161kerou dokumentaci, vytvo\u0159\u00edme a nastav\u00edme funguj\u00edc\u00ed syst\u00e9m prevence vzniku z\u00e1va\u017en\u00fdch onemocn\u011bn\u00ed.<\/p>\n<p>&nbsp;<\/p>\n<p><strong>A\/ P\u0159edm\u011bt pln\u011bn\u00ed hygiena v\u00fd\u017eivy:<\/strong><\/p>\n<p><strong>\u00a0<\/strong><\/p>\n<p>Zpracov\u00e1n\u00ed <strong><em>Provozn\u00edho \u0159\u00e1du, Sanita\u010dn\u00edho \u0159\u00e1du a HACCP<\/em><\/strong>\u00a0\u00a0\u00a0 pro provozovny nakl\u00e1daj\u00edc\u00ed s\u00a0potravinami \u017eivo\u010di\u0161n\u00e9ho p\u016fvodu. <em>V\u0161echny tyto t\u0159i doklady jsou nepom\u00edjitelnou vlastn\u00ed dokl\u00e1dac\u00ed provozovatele.<\/em><\/p>\n<p><em>\u00a0<\/em><\/p>\n<p>V\u0161echny v\u00fd\u0161e uveden\u00e9 doklady jsou povinnou dokl\u00e1dac\u00ed provozovatele, kterou mus\u00ed p\u0159edlo\u017eit dozorov\u00e9mu org\u00e1nu: \u00a0\u00a0\u00a0\u00a0\u00a0\u00a0\u00a0\u00a0\u00a0 \u2013 m\u00edstn\u011b p\u0159\u00edslu\u0161n\u00e9 Krajsk\u00e9 hygienick\u00e9 spr\u00e1v\u011b<\/p>\n<p>anebo \u00a0\u00a0\u00a0\u00a0\u00a0 \u2013 Krajsk\u00e9 veterin\u00e1rn\u00ed spr\u00e1v\u011b.<\/p>\n<p>&nbsp;<\/p>\n<p>V\u0161echny v\u00fd\u0161e uveden\u00e9 doklady mus\u00ed respektovat n\u011bkter\u00e1 z\u00a0Na\u0159\u00edzen\u00ed evropsk\u00e9ho parlamentu a Rady (ES) \u010d. 178\/2002, 852\/2004, 853\/2004, 854\/2004 a Na\u0159\u00edzen\u00ed Komise (ES) \u010d. 2073\/2005\u00a0\u00a0 a n\u00e1sledn\u011b i na\u0161\u00ed platnou \u010deskou legislativu.<\/p>\n<p>&nbsp;<\/p>\n<p>Sou\u010d\u00e1st\u00ed v\u00fd\u0161e uveden\u00fdch p\u0159edpis\u016f je i povinn\u00e9 \u0161kolen\u00ed person\u00e1lu, kter\u00fd mus\u00ed b\u00fdt prokazateln\u011b podrobn\u011b sezn\u00e1men s\u00a0povinnostmi, kter\u00e9 pro n\u011bj z\u00a0v\u00fd\u0161e uveden\u00fdch p\u0159edpis\u016f vypl\u00fdvaj\u00ed.<\/p>\n<p>&nbsp;<\/p>\n<p><strong>B\/ P\u0159edm\u011bt pln\u011bn\u00ed dle charakteru provozovan\u00fdch \u010dinnost\u00ed:<\/strong><\/p>\n<p><strong><em>\u00a0<\/em><\/strong><\/p>\n<p><strong><em>Provozn\u00ed \u0159\u00e1d, sanita\u010dn\u00ed \u0159\u00e1d a HACCP \u2013 program prevence \u2013 to<\/em><\/strong> v\u0161e jako intern\u00ed p\u0159edpisy odr\u00e1\u017eej\u00edc\u00ed rizika prov\u00e1d\u011bn\u00fdch \u010dinnost\u00ed a preventivn\u00ed opat\u0159en\u00ed k\u00a0zaji\u0161t\u011bn\u00ed bezpe\u010dn\u00e9ho stavu v\u00a0b\u011b\u017en\u00e9m provozu.<\/p>\n<p>&nbsp;<\/p>\n<p><strong>C\/ Souvisej\u00edc\u00ed \u010dinnosti:<\/strong><\/p>\n<p><strong>\u00a0<\/strong><\/p>\n<ol>\n<li>Konzultace v\u00a0oblasti pracovn\u00ed hygieny.<\/li>\n<li>Sou\u010dinnost p\u0159i v\u00fdkonu st\u00e1tn\u00edch dozorov\u00fdch org\u00e1n\u016f.<\/li>\n<li>Proveden\u00ed \u201eintern\u00edch\u201c kontrol v\u00a0oblasti obecn\u00e9 hygieny, osobn\u00ed hygieny a ochrany zdrav\u00ed.<\/li>\n<li>Intern\u00ed audity a revize, v\u010detn\u011b kontroly veden\u00ed povinn\u00e9 evidence.<\/li>\n<li>Rekapitula\u010dn\u00ed \u0161kolen\u00ed s\u00a0ov\u011b\u0159en\u00edm znalost\u00ed person\u00e1lu.<\/li>\n<\/ol>\n","protected":false},"excerpt":{"rendered":"<p>Hygiena v\u00fd\u017eivy \u2013 oblast, kter\u00e1 je mnoh\u00fdm z&nbsp;n\u00e1s nezn\u00e1ma anebo nem\u00e1me odpov\u00eddaj\u00edc\u00ed znalosti o jej\u00edm podstatn\u00e9m vlivu na na\u0161e zdrav\u00ed. Ka\u017ed\u00e1 provozovna stravovac\u00edch slu\u017eeb (hotely, penziony, restaurace, bistra, bufety, kav\u00e1rny, bary, rychl\u00e1 ob\u010derstven\u00ed atd.) je povinna dodr\u017eovat p\u0159i nakl\u00e1d\u00e1n\u00ed s&nbsp;potravinami \u017eivo\u010di\u0161n\u00e9ho p\u016fvodu hygienick\u00e9 p\u0159edpisy, kter\u00fdmi vyhodnocuj\u00ed a eliminuj\u00ed rizika vzniku z\u00e1va\u017en\u00fdch onemocn\u011bn\u00ed. V\u00a0r\u00e1mci odborn\u011b zp\u016fsobil\u00e9 [&hellip;]<\/p>\n","protected":false},"author":1,"featured_media":0,"parent":131,"menu_order":0,"comment_status":"closed","ping_status":"closed","template":"","meta":[],"_links":{"self":[{"href":"https:\/\/bozppoczech.cz\/index.php?rest_route=\/wp\/v2\/pages\/34"}],"collection":[{"href":"https:\/\/bozppoczech.cz\/index.php?rest_route=\/wp\/v2\/pages"}],"about":[{"href":"https:\/\/bozppoczech.cz\/index.php?rest_route=\/wp\/v2\/types\/page"}],"author":[{"embeddable":true,"href":"https:\/\/bozppoczech.cz\/index.php?rest_route=\/wp\/v2\/users\/1"}],"replies":[{"embeddable":true,"href":"https:\/\/bozppoczech.cz\/index.php?rest_route=%2Fwp%2Fv2%2Fcomments&post=34"}],"version-history":[{"count":2,"href":"https:\/\/bozppoczech.cz\/index.php?rest_route=\/wp\/v2\/pages\/34\/revisions"}],"predecessor-version":[{"id":79,"href":"https:\/\/bozppoczech.cz\/index.php?rest_route=\/wp\/v2\/pages\/34\/revisions\/79"}],"up":[{"embeddable":true,"href":"https:\/\/bozppoczech.cz\/index.php?rest_route=\/wp\/v2\/pages\/131"}],"wp:attachment":[{"href":"https:\/\/bozppoczech.cz\/index.php?rest_route=%2Fwp%2Fv2%2Fmedia&parent=34"}],"curies":[{"name":"wp","href":"https:\/\/api.w.org\/{rel}","templated":true}]}}