{"id":32,"date":"2018-06-21T17:20:34","date_gmt":"2018-06-21T15:20:34","guid":{"rendered":"http:\/\/bozppoczech.cz\/?page_id=32"},"modified":"2018-07-05T20:02:02","modified_gmt":"2018-07-05T18:02:02","slug":"hygiena-prace","status":"publish","type":"page","link":"https:\/\/bozppoczech.cz\/?page_id=32","title":{"rendered":"HYGIENA PR\u00c1CE"},"content":{"rendered":"<p><strong>Hygiena pr\u00e1ce <\/strong>&#8211; na\u0161e zdrav\u00ed je nejv\u00edce ovliv\u0148ov\u00e1no t\u00edm co nem\u016f\u017eeme anebo nechceme vid\u011bt.<\/p>\n<p>V\u00a0soukrom\u00e9m i pracovn\u00edm prost\u0159ed\u00ed jsme vystavov\u00e1ni faktor\u016fm, kter\u00e9 n\u00e1m ne\u017e\u00e1douc\u00edm zp\u016fsobem mohou ovlivnit na\u0161e zdrav\u00ed, ani\u017e bychom si to uv\u011bdomovali, anebo je vn\u00edm\u00e1me jako b\u011b\u017enou normu na\u0161eho ka\u017edodenn\u00edho pracovn\u00edho \u017eivota s\u00a0pravd\u011bpodobnou vyhl\u00eddkou \u010dast\u00fdch bolest\u00ed a obt\u00ed\u017en\u011b l\u00e9\u010diteln\u00fdch zdravotn\u00edch stav\u016f v\u00a0pozd\u011bj\u0161\u00edm v\u011bku.<\/p>\n<p>V\u00a0r\u00e1mci n\u011bkolikalet\u00e9 praxe a zodpov\u011bdn\u00e9ho p\u0159\u00edstupu k\u00a0hygien\u011b pr\u00e1ce v\u00e1m zpracujeme ve\u0161kerou dokumentaci, vytvo\u0159\u00edme a nastav\u00edme funguj\u00edc\u00ed syst\u00e9m prevence hygieny pr\u00e1ce a pracovn\u00edho prost\u0159ed\u00ed.<\/p>\n<p>&nbsp;<\/p>\n<p><strong><u>P\u0159edm\u011bt pln\u011bn\u00ed v&nbsp;r\u00e1mci hygieny pr\u00e1ce<\/u><\/strong><\/p>\n<ol>\n \ta. Zpracov\u00e1n\u00ed rizik vypl\u00fdvaj\u00edc\u00edch z&nbsp;nebezpe\u010dn\u00fdch \u010dinitel\u016f a proces\u016f pracovn\u00edho prost\u0159ed\u00ed a pracovn\u00edch podm\u00ednek (z\u00e1kon \u010d 262\/2006 Sb., \u00a7 102)<br \/>\n \tb. Zpracov\u00e1n\u00ed kategorizace prac\u00ed (z\u00e1kon \u010d 262\/2006 Sb., \u00a7 103 odst. 1, p\u00edsm. b; d\u00e1le z\u00e1kon \u010d. 258\/2000 Sb., \u00a7 37)<br \/>\n \tc.Sm\u011brnice pro vyd\u00e1v\u00e1n\u00ed osobn\u00edch ochrann\u00fdch pracovn\u00edch prost\u0159edk\u016f<br \/>\n \td. Zpracov\u00e1n\u00ed a aktualizace \u017e\u00e1dosti k\u00a0pracovn\u011b-l\u00e9ka\u0159sk\u00fdm prohl\u00eddk\u00e1m (z\u00e1kon \u010d. 262\/2006 Sb., z\u00e1kon \u010d. 373\/2011 Sb., vyhl\u00e1\u0161ka \u010d. 79\/2013 Sb.)<br \/>\n \te. P\u00edsemn\u00e1 pravidla pro nakl\u00e1d\u00e1n\u00ed s&nbsp;nebezpe\u010dn\u00fdmi chemick\u00fdmi l\u00e1tkami a chemick\u00fdmi sm\u011bsmi\n<\/ol>\n<p>&nbsp;<\/p>\n<p><strong><u>Souvisej\u00edc\u00ed \u010dinnosti<\/u><\/strong><\/p>\n<ol>\n \ta. Konzultace v\u00a0oblasti pracovn\u00ed hygieny,<br \/>\n \tb. Sou\u010dinnost p\u0159i v\u00fdkonu st\u00e1tn\u00edch kontroln\u00edch org\u00e1n\u016f (Krajsk\u00e9 hygienick\u00e9 stanice)<br \/>\n \tc. Proveden\u00ed fyzick\u00fdch kontrol v\u00a0oblastech pracovn\u00ed hygieny v\u010detn\u011b z\u00e1pisu o t\u011bchto kontrol\u00e1ch<br \/>\n \td. Sou\u010dinnost p\u0159i zaji\u0161\u0165ov\u00e1n\u00ed pracovn\u011b-l\u00e9ka\u0159sk\u00fdch prohl\u00eddek<br \/>\n \te. Aktualizace a udr\u017eov\u00e1n\u00ed zpracovan\u00e9 dokumentace v&nbsp;souladu s&nbsp;platn\u00fdmi pr\u00e1vn\u00edmi p\u0159edpisy\n<\/ol>\n","protected":false},"excerpt":{"rendered":"<p>Hygiena pr\u00e1ce &#8211; na\u0161e zdrav\u00ed je nejv\u00edce ovliv\u0148ov\u00e1no t\u00edm co nem\u016f\u017eeme anebo nechceme vid\u011bt. V\u00a0soukrom\u00e9m i pracovn\u00edm prost\u0159ed\u00ed jsme vystavov\u00e1ni faktor\u016fm, kter\u00e9 n\u00e1m ne\u017e\u00e1douc\u00edm zp\u016fsobem mohou ovlivnit na\u0161e zdrav\u00ed, ani\u017e bychom si to uv\u011bdomovali, anebo je vn\u00edm\u00e1me jako b\u011b\u017enou normu na\u0161eho ka\u017edodenn\u00edho pracovn\u00edho \u017eivota s\u00a0pravd\u011bpodobnou vyhl\u00eddkou \u010dast\u00fdch bolest\u00ed a obt\u00ed\u017en\u011b l\u00e9\u010diteln\u00fdch zdravotn\u00edch stav\u016f v\u00a0pozd\u011bj\u0161\u00edm v\u011bku. [&hellip;]<\/p>\n","protected":false},"author":1,"featured_media":0,"parent":131,"menu_order":0,"comment_status":"closed","ping_status":"closed","template":"","meta":[],"_links":{"self":[{"href":"https:\/\/bozppoczech.cz\/index.php?rest_route=\/wp\/v2\/pages\/32"}],"collection":[{"href":"https:\/\/bozppoczech.cz\/index.php?rest_route=\/wp\/v2\/pages"}],"about":[{"href":"https:\/\/bozppoczech.cz\/index.php?rest_route=\/wp\/v2\/types\/page"}],"author":[{"embeddable":true,"href":"https:\/\/bozppoczech.cz\/index.php?rest_route=\/wp\/v2\/users\/1"}],"replies":[{"embeddable":true,"href":"https:\/\/bozppoczech.cz\/index.php?rest_route=%2Fwp%2Fv2%2Fcomments&post=32"}],"version-history":[{"count":7,"href":"https:\/\/bozppoczech.cz\/index.php?rest_route=\/wp\/v2\/pages\/32\/revisions"}],"predecessor-version":[{"id":107,"href":"https:\/\/bozppoczech.cz\/index.php?rest_route=\/wp\/v2\/pages\/32\/revisions\/107"}],"up":[{"embeddable":true,"href":"https:\/\/bozppoczech.cz\/index.php?rest_route=\/wp\/v2\/pages\/131"}],"wp:attachment":[{"href":"https:\/\/bozppoczech.cz\/index.php?rest_route=%2Fwp%2Fv2%2Fmedia&parent=32"}],"curies":[{"name":"wp","href":"https:\/\/api.w.org\/{rel}","templated":true}]}}