{"id":30,"date":"2018-06-21T17:20:14","date_gmt":"2018-06-21T15:20:14","guid":{"rendered":"http:\/\/bozppoczech.cz\/?page_id=30"},"modified":"2018-07-05T20:01:56","modified_gmt":"2018-07-05T18:01:56","slug":"bezpecnost-a-ochrana-zdravi-pri-praci","status":"publish","type":"page","link":"https:\/\/bozppoczech.cz\/?page_id=30","title":{"rendered":"BEZPE\u010cNOST A OCHRANA ZDRAV\u00cd P\u0158I PR\u00c1CI"},"content":{"rendered":"<p><strong>Bezpe\u010dnost a ochrana zdrav\u00ed p\u0159i pr\u00e1ci: <\/strong>dokud se nic nestane nic se ned\u011bje anebo m\u011b se to st\u00e1t nem\u016f\u017ee \u2013 souhlas\u00edte?<\/p>\n<p>Riziko vzniku ne\u017e\u00e1douc\u00ed situace (\u00farazu) n\u00e1s prov\u00e1z\u00ed na ka\u017ed\u00e9m kroku na\u0161\u00ed b\u011b\u017en\u00e9 \u010dinnosti a\u0165 u\u017e v\u00a0soukrom\u00e9 nebo pracovn\u00ed oblasti. Podcen\u011bn\u00edm formou v\u00fdrazu \u201edokud se nic nestane anebo m\u011b se to st\u00e1t nem\u016f\u017ee\u201c m\u016f\u017ee b\u00fdt Va\u0161\u00edm posledn\u00edm krokem v&nbsp;plnohodnotn\u00e9m \u017eivot\u011b tak, jak ho do osudov\u00e9 chv\u00edle zn\u00e1te.<\/p>\n<p>V\u00a0r\u00e1mci n\u011bkolikalet\u00e9 praxe a zodpov\u011bdn\u00e9ho p\u0159\u00edstupu k\u00a0bezpe\u010dnosti a ochran\u011b zdrav\u00ed p\u0159i pr\u00e1ci v\u00e1m zpracujeme ve\u0161kerou dokumentaci, vytvo\u0159\u00edme a nastav\u00edme funguj\u00edc\u00ed syst\u00e9m prevence v\u00a0bezpe\u010dnosti a ochran\u011b zdrav\u00ed p\u0159i pr\u00e1ci.<\/p>\n<p>&nbsp;<\/p>\n<p><strong><u>P\u0159edm\u011bt pln\u011bn\u00ed v&nbsp;r\u00e1mci BOZP<\/u><\/strong><\/p>\n<ol>\n \t<strong>a.<\/strong> Zpracov\u00e1n\u00ed rizik vypl\u00fdvaj\u00edc\u00edch z&nbsp;nebezpe\u010dn\u00fdch \u010dinitel\u016f a proces\u016f pracovn\u00edho prost\u0159ed\u00ed a pracovn\u00edch podm\u00ednek (z\u00e1kon \u010d 262\/2006 Sb., \u00a7 102)<br \/>\n \t<strong>b.<\/strong> Zpracov\u00e1n\u00ed kategorizace prac\u00ed (z\u00e1kon \u010d 262\/2006 Sb., \u00a7 103 odst. 1, p\u00edsm. b; d\u00e1le z\u00e1kon \u010d. 258\/2000 Sb., \u00a7 37)<br \/>\n \t<strong>c.<\/strong> Sm\u011brnice pro vyd\u00e1v\u00e1n\u00ed osobn\u00edch ochrann\u00fdch pracovn\u00edch prost\u0159edk\u016f<br \/>\n \t<strong>d.<\/strong> Dopravn\u011b provozn\u00ed \u0159\u00e1d (Z\u00e1kon \u010d. 262\/2006 Sb., Na\u0159\u00edzen\u00ed vl\u00e1dy \u010d. 168\/2002 Sb.)<br \/>\n \t<strong>e.<\/strong> Ro\u010dn\u00ed prov\u011brka spole\u010dnosti (z\u00e1kon \u010d. 262\/2006 Sb., \u00a7 108, odst. 5)<br \/>\n \t<strong>f.<\/strong> Zpracov\u00e1n\u00ed a aktualizace \u017e\u00e1dosti k\u00a0pracovn\u011b-l\u00e9ka\u0159sk\u00fdm prohl\u00eddk\u00e1m (z\u00e1kon \u010d. 262\/2006 Sb., z\u00e1kon \u010d. 373\/2011 Sb., vyhl\u00e1\u0161ka \u010d. 79\/2013 Sb.)<br \/>\n \t<strong>g.<\/strong> Organiza\u010dn\u00ed zaji\u0161t\u011bn\u00ed \u0161kolen\u00ed v\u00a0oblasti BOZP (z\u00e1kon \u010d. 262\/2006 Sb.)<br \/>\n \t<strong>h.<\/strong> Zpracov\u00e1n\u00ed osnovy \u0161kolen\u00ed (z\u00e1kon \u010d. 262\/2006 Sb.)\n<\/ol>\n<p>&nbsp;<\/p>\n<p><strong><u>P\u0159edm\u011bt pln\u011bn\u00ed dle charakteru provozovan\u00fdch \u010dinnost\u00ed organizace<\/u><\/strong><\/p>\n<ol>\n \t<strong>i.<\/strong> R\u016fzn\u00e9 intern\u00ed p\u0159edpisy v\u00a0z\u00e1vislosti na rizic\u00edch prov\u00e1d\u011bn\u00fdch \u010dinnosti, pracovn\u00edho prost\u0159ed\u00ed a pracovn\u00edch podm\u00ednek (sm\u011brnice, \u0159\u00e1dy, m\u00edstn\u011b bezpe\u010dnostn\u00ed provozn\u00ed p\u0159edpisy)\n<\/ol>\n<p>&nbsp;<\/p>\n<p><strong><u>Souvisej\u00edc\u00ed \u010dinnosti<\/u><\/strong><\/p>\n<ol>\n \ta. Konzultace v\u00a0oblastech bezpe\u010dnosti a ochran\u011b zdrav\u00ed p\u0159i pr\u00e1ci, pracovn\u00ed hygien\u011b, \u017eivotn\u00edho prost\u0159ed\u00ed (s\u00a0ohledem na projektovou dokumentaci, smlouvy, revize vyhrazen\u00fdch technick\u00fdch za\u0159\u00edzen\u00ed, protokoly z\u00a0kontrol st\u00e1tn\u00edch kontroln\u00edch org\u00e1n\u016f atd.)<br \/>\n \tb. Sou\u010dinnost p\u0159i v\u00fdkonu st\u00e1tn\u00edch kontroln\u00edch org\u00e1n\u016f (Oblastn\u00ed inspektor\u00e1t pr\u00e1ce, Krajsk\u00e9 hygienick\u00e9 stanice, \u010cesk\u00e9 inspekci \u017eivotn\u00edho prost\u0159ed\u00ed.<br \/>\n \tc. Proveden\u00ed fyzick\u00fdch kontrol v\u00a0oblastech pracovn\u00ed hygieny, bezpe\u010dnosti a ochrany zdrav\u00ed p\u0159i pr\u00e1ci v\u010detn\u011b z\u00e1pisu o t\u011bchto kontrol\u00e1ch<br \/>\n \td. Veden\u00ed knih (knihy BOZP, eviden\u010dn\u00ed knihy \u00faraz\u016f)<br \/>\n \te. \u0160et\u0159en\u00ed \u00faraz\u016f v\u010detn\u011b vypln\u011bn\u00ed protokolu \u2013 z\u00e1znamu o \u00farazu.<br \/>\n \tf. Prov\u00e1d\u011bn\u00ed \u0161kolen\u00ed v\u00a0bezpe\u010dnosti a ochran\u011b zdrav\u00ed p\u0159i pr\u00e1ci, pracovn\u00ed hygien\u011b<br \/>\n \tg. Sou\u010dinnost p\u0159i zaji\u0161\u0165ov\u00e1n\u00ed pracovn\u011b-l\u00e9ka\u0159sk\u00fdch prohl\u00eddek<br \/>\n \th. Aktualizace a udr\u017eov\u00e1n\u00ed zpracovan\u00e9 dokumentace bezpe\u010dnosti a ochran\u011b zdrav\u00ed p\u0159i pr\u00e1ci v&nbsp;souladu s&nbsp;platn\u00fdmi pr\u00e1vn\u00edmi p\u0159edpisy<\/p>\n<p> \tj. Kontrola st\u00e1vaj\u00edc\u00edho stavu zaji\u0161t\u011bn\u00ed v\u00a0oblasti BOZP<br \/>\n \tk. Sou\u010dinnost p\u0159i ur\u010den\u00ed vn\u011bj\u0161\u00edch vliv\u016f (elektrick\u00e1 za\u0159\u00edzen\u00ed \u2013 dle \u010cSN)\n<\/ol>\n","protected":false},"excerpt":{"rendered":"<p>Bezpe\u010dnost a ochrana zdrav\u00ed p\u0159i pr\u00e1ci: dokud se nic nestane nic se ned\u011bje anebo m\u011b se to st\u00e1t nem\u016f\u017ee \u2013 souhlas\u00edte? Riziko vzniku ne\u017e\u00e1douc\u00ed situace (\u00farazu) n\u00e1s prov\u00e1z\u00ed na ka\u017ed\u00e9m kroku na\u0161\u00ed b\u011b\u017en\u00e9 \u010dinnosti a\u0165 u\u017e v\u00a0soukrom\u00e9 nebo pracovn\u00ed oblasti. Podcen\u011bn\u00edm formou v\u00fdrazu \u201edokud se nic nestane anebo m\u011b se to st\u00e1t nem\u016f\u017ee\u201c m\u016f\u017ee b\u00fdt [&hellip;]<\/p>\n","protected":false},"author":1,"featured_media":0,"parent":131,"menu_order":0,"comment_status":"closed","ping_status":"closed","template":"","meta":[],"_links":{"self":[{"href":"https:\/\/bozppoczech.cz\/index.php?rest_route=\/wp\/v2\/pages\/30"}],"collection":[{"href":"https:\/\/bozppoczech.cz\/index.php?rest_route=\/wp\/v2\/pages"}],"about":[{"href":"https:\/\/bozppoczech.cz\/index.php?rest_route=\/wp\/v2\/types\/page"}],"author":[{"embeddable":true,"href":"https:\/\/bozppoczech.cz\/index.php?rest_route=\/wp\/v2\/users\/1"}],"replies":[{"embeddable":true,"href":"https:\/\/bozppoczech.cz\/index.php?rest_route=%2Fwp%2Fv2%2Fcomments&post=30"}],"version-history":[{"count":10,"href":"https:\/\/bozppoczech.cz\/index.php?rest_route=\/wp\/v2\/pages\/30\/revisions"}],"predecessor-version":[{"id":89,"href":"https:\/\/bozppoczech.cz\/index.php?rest_route=\/wp\/v2\/pages\/30\/revisions\/89"}],"up":[{"embeddable":true,"href":"https:\/\/bozppoczech.cz\/index.php?rest_route=\/wp\/v2\/pages\/131"}],"wp:attachment":[{"href":"https:\/\/bozppoczech.cz\/index.php?rest_route=%2Fwp%2Fv2%2Fmedia&parent=30"}],"curies":[{"name":"wp","href":"https:\/\/api.w.org\/{rel}","templated":true}]}}