{"id":291,"date":"2020-04-27T21:25:29","date_gmt":"2020-04-27T19:25:29","guid":{"rendered":"http:\/\/bozppoczech.cz\/?page_id=291"},"modified":"2020-04-27T21:25:29","modified_gmt":"2020-04-27T19:25:29","slug":"odpadove-hospodarstvi-pro-obce","status":"publish","type":"page","link":"https:\/\/bozppoczech.cz\/?page_id=291","title":{"rendered":"Odpadov\u00e9 hospod\u00e1\u0159stv\u00ed pro obce"},"content":{"rendered":"<p><strong>Nab\u00edz\u00edme zpracov\u00e1n\u00ed a aktualizace pl\u00e1nu odpadov\u00e9ho hospod\u00e1\u0159stv\u00ed obce<\/strong><\/p>\n<p>Obec, kter\u00e1 produkuje ro\u010dn\u011b v\u00edce ne\u017e 10 t nebezpe\u010dn\u00e9ho odpadu nebo v\u00edce ne\u017e 1000 t ostatn\u00edho odpadu, je dle z\u00e1kona o odpadech povinna zpracovat pl\u00e1n odpadov\u00e9ho hospod\u00e1\u0159stv\u00ed obce (POH obce)pro odpady, kter\u00e9 produkuje, a pro odpady, se kter\u00fdmi nakl\u00e1d\u00e1. POH obce se skl\u00e1d\u00e1 z&nbsp;analytick\u00e9, z\u00e1vazn\u00e9 a sm\u011brn\u00e9 \u010d\u00e1sti. Z\u00e1vazn\u00e1 \u010d\u00e1st POH obce mus\u00ed b\u00fdt v&nbsp;souladu se z\u00e1vaznou \u010d\u00e1st\u00ed POH kraje. POH obce se zpracov\u00e1v\u00e1 na obdob\u00ed 5 let a mus\u00ed b\u00fdt zm\u011bn\u011bn p\u0159i ka\u017ed\u00e9 z\u00e1sadn\u00ed zm\u011bn\u011b podm\u00ednek na z\u00e1klad\u011b kter\u00fdch byl zpracov\u00e1n. Povinnost\u00ed obce je ka\u017edoro\u010dn\u011b vyhodnocovat pln\u011bn\u00ed c\u00edl\u016f stanoven\u00fdch v&nbsp;z\u00e1vazn\u00e9 a sm\u011brn\u00e9 \u010d\u00e1sti POH obce,<\/p>\n<p>Nab\u00edz\u00edme V\u00e1m zpracov\u00e1n\u00ed Pl\u00e1nu odpadov\u00e9ho hospod\u00e1\u0159stv\u00ed i pro Va\u0161\u00ed obec. Sou\u010d\u00e1st\u00ed zpracov\u00e1n\u00ed POH obce je rovn\u011b\u017e zasl\u00e1n\u00ed n\u00e1vrhu POH obce p\u0159\u00edslu\u0161n\u00e9mu krajsk\u00e9mu \u00fa\u0159adu a zapracov\u00e1n\u00ed p\u0159\u00edpadn\u00fdch p\u0159ipom\u00ednek.<\/p>\n<p>Vzhledem k&nbsp;dlouholet\u00fdm zku\u0161enostem z&nbsp;oblasti odpadov\u00e9ho hospod\u00e1\u0159stv\u00ed obc\u00ed V\u00e1m vedle samotn\u00e9ho zpracov\u00e1n\u00ed POH obce, nab\u00edz\u00edme i ka\u017edoro\u010dn\u00ed vyhodnocen\u00ed aktu\u00e1ln\u011b platn\u00e9ho POH Va\u0161\u00ed obce. <\/p>\n","protected":false},"excerpt":{"rendered":"<p>Nab\u00edz\u00edme zpracov\u00e1n\u00ed a aktualizace pl\u00e1nu odpadov\u00e9ho hospod\u00e1\u0159stv\u00ed obce Obec, kter\u00e1 produkuje ro\u010dn\u011b v\u00edce ne\u017e 10 t nebezpe\u010dn\u00e9ho odpadu nebo v\u00edce ne\u017e 1000 t ostatn\u00edho odpadu, je dle z\u00e1kona o odpadech povinna zpracovat pl\u00e1n odpadov\u00e9ho hospod\u00e1\u0159stv\u00ed obce (POH obce)pro odpady, kter\u00e9 produkuje, a pro odpady, se kter\u00fdmi nakl\u00e1d\u00e1. POH obce se skl\u00e1d\u00e1 z&nbsp;analytick\u00e9, z\u00e1vazn\u00e9 a sm\u011brn\u00e9 [&hellip;]<\/p>\n","protected":false},"author":2,"featured_media":0,"parent":0,"menu_order":0,"comment_status":"closed","ping_status":"closed","template":"","meta":[],"_links":{"self":[{"href":"https:\/\/bozppoczech.cz\/index.php?rest_route=\/wp\/v2\/pages\/291"}],"collection":[{"href":"https:\/\/bozppoczech.cz\/index.php?rest_route=\/wp\/v2\/pages"}],"about":[{"href":"https:\/\/bozppoczech.cz\/index.php?rest_route=\/wp\/v2\/types\/page"}],"author":[{"embeddable":true,"href":"https:\/\/bozppoczech.cz\/index.php?rest_route=\/wp\/v2\/users\/2"}],"replies":[{"embeddable":true,"href":"https:\/\/bozppoczech.cz\/index.php?rest_route=%2Fwp%2Fv2%2Fcomments&post=291"}],"version-history":[{"count":1,"href":"https:\/\/bozppoczech.cz\/index.php?rest_route=\/wp\/v2\/pages\/291\/revisions"}],"predecessor-version":[{"id":292,"href":"https:\/\/bozppoczech.cz\/index.php?rest_route=\/wp\/v2\/pages\/291\/revisions\/292"}],"wp:attachment":[{"href":"https:\/\/bozppoczech.cz\/index.php?rest_route=%2Fwp%2Fv2%2Fmedia&parent=291"}],"curies":[{"name":"wp","href":"https:\/\/api.w.org\/{rel}","templated":true}]}}