{"id":24,"date":"2018-06-21T17:17:24","date_gmt":"2018-06-21T15:17:24","guid":{"rendered":"http:\/\/bozppoczech.cz\/?page_id=24"},"modified":"2020-12-30T20:28:12","modified_gmt":"2020-12-30T19:28:12","slug":"uvod","status":"publish","type":"page","link":"https:\/\/bozppoczech.cz\/","title":{"rendered":"\u00daVODN\u00cd STR\u00c1NKA"},"content":{"rendered":"<p>Spole\u010dnost BOZP \u2013 PO Czech poskytuje komplexn\u00ed rozsah slu\u017eeb prost\u0159ednictv\u00edm osob s\u00a0po\u017eadovanou odbornou zp\u016fsobilost\u00ed a n\u011bkolikaletou prax\u00ed prov\u011b\u0159enou v\u00fdkony st\u00e1tn\u00edch kontroln\u00edch org\u00e1n\u016f nap\u0159\u00ed\u010d mnoha \u010dinnostmi lidsk\u00e9ho umu.\u00a0 Provedeme V\u00e1s zpracov\u00e1n\u00edm dokumentace, nastaven\u00edm syst\u00e9mu i navazuj\u00edc\u00edmi \u010dinnostmi spektra hodnocen\u00ed rizik v\u00a0r\u00e1mci platn\u00fdch pr\u00e1vn\u00edch p\u0159edpis\u016f.<\/p>\n<p>P\u016fsobnost na\u0161\u00ed spole\u010dnosti:<br \/>\nPraha, St\u0159edo\u010desk\u00fd kraj, Kr\u00e1lov\u00e9hradeck\u00fd kraj,<br \/>\n\u00dasteck\u00fd kraj, Libereck\u00fd kraj, Jiho\u010desk\u00fd kraj,<br \/>\nPardubick\u00fd kraj, Vyso\u010dina, Karlovarsk\u00fd kraj,<br \/>\nPlze\u0148sk\u00fd kraj<br \/>\n&nbsp;<\/p>\n<p>Pokud m\u00e1te z\u00e1jem o Cennovou nab\u00eddku nev\u00e1hejte n\u00e1s kontaktovat<\/p>\n<div role=\"form\" class=\"wpcf7\" id=\"wpcf7-f38-o1\" lang=\"cs-CZ\" dir=\"ltr\">\n<div class=\"screen-reader-response\"><p role=\"status\" aria-live=\"polite\" aria-atomic=\"true\"><\/p> <ul><\/ul><\/div>\n<form action=\"\/index.php?rest_route=%2Fwp%2Fv2%2Fpages%2F24#wpcf7-f38-o1\" method=\"post\" class=\"wpcf7-form init\" novalidate=\"novalidate\" data-status=\"init\">\n<div style=\"display: none;\">\n<input type=\"hidden\" name=\"_wpcf7\" value=\"38\" \/>\n<input type=\"hidden\" name=\"_wpcf7_version\" value=\"5.3.2\" \/>\n<input type=\"hidden\" name=\"_wpcf7_locale\" value=\"cs_CZ\" \/>\n<input type=\"hidden\" name=\"_wpcf7_unit_tag\" value=\"wpcf7-f38-o1\" \/>\n<input type=\"hidden\" name=\"_wpcf7_container_post\" value=\"0\" \/>\n<input type=\"hidden\" name=\"_wpcf7_posted_data_hash\" value=\"\" \/>\n<input type=\"hidden\" name=\"_wpcf7_recaptcha_response\" value=\"\" \/>\n<\/div>\n<p><label> Va\u0161e jm\u00e9no (vy\u017eadov\u00e1no)<br \/>\n    <span class=\"wpcf7-form-control-wrap your-name\"><input type=\"text\" name=\"your-name\" value=\"\" size=\"40\" class=\"wpcf7-form-control wpcf7-text wpcf7-validates-as-required\" aria-required=\"true\" aria-invalid=\"false\" \/><\/span> <\/label><\/p>\n<p><label> V\u00e1\u0161 e-mail (vy\u017eadov\u00e1no)<br \/>\n    <span class=\"wpcf7-form-control-wrap your-email\"><input type=\"email\" name=\"your-email\" value=\"\" size=\"40\" class=\"wpcf7-form-control wpcf7-text wpcf7-email wpcf7-validates-as-required wpcf7-validates-as-email\" aria-required=\"true\" aria-invalid=\"false\" \/><\/span> <\/label><\/p>\n<p><label> P\u0159edm\u011bt<br \/>\n    <span class=\"wpcf7-form-control-wrap your-subject\"><input type=\"text\" name=\"your-subject\" value=\"\" size=\"40\" class=\"wpcf7-form-control wpcf7-text\" aria-invalid=\"false\" \/><\/span> <\/label><\/p>\n<p><label> Va\u0161e zpr\u00e1va<br \/>\n    <span class=\"wpcf7-form-control-wrap your-message\"><textarea name=\"your-message\" cols=\"40\" rows=\"10\" class=\"wpcf7-form-control wpcf7-textarea\" aria-invalid=\"false\"><\/textarea><\/span> <\/label><\/p>\n\n<p><input type=\"submit\" value=\"Odeslat\" class=\"wpcf7-form-control wpcf7-submit\" \/><\/p>\n<div class=\"wpcf7-response-output\" aria-hidden=\"true\"><\/div><\/form><\/div>\n","protected":false},"excerpt":{"rendered":"<p>Spole\u010dnost BOZP \u2013 PO Czech poskytuje komplexn\u00ed rozsah slu\u017eeb prost\u0159ednictv\u00edm osob s\u00a0po\u017eadovanou odbornou zp\u016fsobilost\u00ed a n\u011bkolikaletou prax\u00ed prov\u011b\u0159enou v\u00fdkony st\u00e1tn\u00edch kontroln\u00edch org\u00e1n\u016f nap\u0159\u00ed\u010d mnoha \u010dinnostmi lidsk\u00e9ho umu.\u00a0 Provedeme V\u00e1s zpracov\u00e1n\u00edm dokumentace, nastaven\u00edm syst\u00e9mu i navazuj\u00edc\u00edmi \u010dinnostmi spektra hodnocen\u00ed rizik v\u00a0r\u00e1mci platn\u00fdch pr\u00e1vn\u00edch p\u0159edpis\u016f. P\u016fsobnost na\u0161\u00ed spole\u010dnosti: Praha, St\u0159edo\u010desk\u00fd kraj, Kr\u00e1lov\u00e9hradeck\u00fd kraj, \u00dasteck\u00fd kraj, Libereck\u00fd kraj, [&hellip;]<\/p>\n","protected":false},"author":1,"featured_media":0,"parent":0,"menu_order":0,"comment_status":"closed","ping_status":"closed","template":"","meta":[],"_links":{"self":[{"href":"https:\/\/bozppoczech.cz\/index.php?rest_route=\/wp\/v2\/pages\/24"}],"collection":[{"href":"https:\/\/bozppoczech.cz\/index.php?rest_route=\/wp\/v2\/pages"}],"about":[{"href":"https:\/\/bozppoczech.cz\/index.php?rest_route=\/wp\/v2\/types\/page"}],"author":[{"embeddable":true,"href":"https:\/\/bozppoczech.cz\/index.php?rest_route=\/wp\/v2\/users\/1"}],"replies":[{"embeddable":true,"href":"https:\/\/bozppoczech.cz\/index.php?rest_route=%2Fwp%2Fv2%2Fcomments&post=24"}],"version-history":[{"count":11,"href":"https:\/\/bozppoczech.cz\/index.php?rest_route=\/wp\/v2\/pages\/24\/revisions"}],"predecessor-version":[{"id":246,"href":"https:\/\/bozppoczech.cz\/index.php?rest_route=\/wp\/v2\/pages\/24\/revisions\/246"}],"wp:attachment":[{"href":"https:\/\/bozppoczech.cz\/index.php?rest_route=%2Fwp%2Fv2%2Fmedia&parent=24"}],"curies":[{"name":"wp","href":"https:\/\/api.w.org\/{rel}","templated":true}]}}