{"id":2,"date":"2018-04-27T18:02:26","date_gmt":"2018-04-27T16:02:26","guid":{"rendered":"http:\/\/bozppoczech.cz\/?page_id=2"},"modified":"2018-06-29T22:59:30","modified_gmt":"2018-06-29T20:59:30","slug":"pozarni-ochrana","status":"publish","type":"page","link":"https:\/\/bozppoczech.cz\/?page_id=2","title":{"rendered":"PO\u017d\u00c1RN\u00cd OCHRANA"},"content":{"rendered":"<p><strong>Po\u017e\u00e1rn\u00ed ochrana:<\/strong> zn\u00e1te po\u0159ekadlo \u2013 ohe\u0148 je dobr\u00fd sluha, ale zl\u00fd p\u00e1n? A souhlasili byste s\u00a0t\u00edm, \u017ee po\u017e\u00e1r nen\u00ed ohe\u0148 a ohe\u0148 nen\u00ed po\u017e\u00e1r?<\/p>\n<p>Pomysln\u00fdm mezn\u00edkem mezi ohn\u011bm a po\u017e\u00e1rem je hled\u00e1n\u00ed souvislost\u00ed v&nbsp;r\u00e1mci ka\u017edodenn\u00ed lidsk\u00e9 \u010dinnosti, spr\u00e1vn\u011b nastaven\u00fdm syst\u00e9mem prevence v\u00a0po\u017e\u00e1rn\u00ed ochran\u011b a zodpov\u011bdn\u00fdm p\u0159\u00edstupem v&nbsp;ot\u00e1zce zaji\u0161t\u011bn\u00ed po\u017e\u00e1rn\u00ed ochrany.<\/p>\n<p>V\u00a0r\u00e1mci n\u011bkolikalet\u00e9 praxe a zodpov\u011bdn\u00e9ho p\u0159\u00edstupu k&nbsp;po\u017e\u00e1rn\u00ed ochran\u011b v\u00e1m zpracujeme ve\u0161kerou dokumentaci, vytvo\u0159\u00edme a nastav\u00edme funguj\u00edc\u00ed syst\u00e9m prevence v\u00a0po\u017e\u00e1rn\u00ed ochran\u011b.<br \/>\n&nbsp;<br \/>\n<br \/>\n<strong><u>P\u0159edm\u011bt pln\u011bn\u00ed v&nbsp;r\u00e1mci PO bez zv\u00fd\u0161en\u00e9ho po\u017e\u00e1rn\u00edho nebezpe\u010d\u00ed \u2013 z\u00e1kon \u010d. 133\/1985 sb. \u00a7 4, <\/u><\/strong><\/p>\n<p><strong><u>odst. 1 p\u00edsm. a<\/u><\/strong><\/p>\n<ol>\n \ta. Proveden\u00ed preventivn\u00edch po\u017e\u00e1rn\u00edch prohl\u00eddek<br \/>\n \tb. \u0160kolen\u00ed v\u00a0po\u017e\u00e1rn\u00ed ochran\u011b\n<\/ol>\n<p><strong><\/strong><br \/>\n<strong><u>P\u0159edm\u011bt pln\u011bn\u00ed v&nbsp;r\u00e1mci PO se zv\u00fd\u0161en\u00fdm po\u017e\u00e1rn\u00edm nebezpe\u010d\u00edm \u2013 z\u00e1kon \u010d. 133\/1985 sb. \u00a7 4, odst. 1 p\u00edsm. b<\/u><\/strong><\/p>\n<ol>\n \ta. Dokumentace o za\u010dlen\u011bn\u00ed do kategorie \u010dinnost\u00ed se zv\u00fd\u0161en\u00fdm po\u017e\u00e1rn\u00edm nebezpe\u010d\u00edm nebo s&nbsp;vysok\u00fdm po\u017e\u00e1rn\u00edm nebezpe\u010d\u00edm <em>(vyhl\u00e1\u0161ka \u010d. 246\/2001 Sb., \u00a7 28)<\/em>,\n<\/ol>\n<ol>\n \tb. Stanoven\u00ed organizace zabezpe\u010den\u00ed po\u017e\u00e1rn\u00ed ochrany <em>(vyhl\u00e1\u0161ka \u010d. 246\/2001 Sb., \u00a7 30)<\/em>\n<\/ol>\n<ol>\n \tc. Po\u017e\u00e1rn\u00ed \u0159\u00e1d <em>(vyhl\u00e1\u0161ka \u010d. 246\/2001 Sb., \u00a7 31),<\/em>\n<\/ol>\n<ol>\n \td. Po\u017e\u00e1rn\u00ed poplachov\u00e9 sm\u011brnice <em>(vyhl\u00e1\u0161ka \u010d. 246\/2001 Sb., \u00a7 32)<\/em><br \/>\n           Po\u017e\u00e1rn\u00ed evakua\u010dn\u00ed pl\u00e1n <em>(vyhl\u00e1\u0161ka \u010d. 246\/2001 Sb., \u00a7 33)<\/em>\n<\/ol>\n<ol>\n \te. Dokumentace zdol\u00e1v\u00e1n\u00ed po\u017e\u00e1r\u016f <em>(vyhl\u00e1\u0161ka \u010d. 246\/2001 Sb., \u00a7 34<\/em>),\n<\/ol>\n<ol>\n \tf. \u0158\u00e1d ohla\u0161ovny po\u017e\u00e1r\u016f <em>(vyhl\u00e1\u0161ka \u010d. 246\/2001 Sb., \u00a7 35)<\/em>,\n<\/ol>\n<ol>\n \tg. Tematick\u00fd pl\u00e1n a \u010dasov\u00fd rozvrh \u0161kolen\u00ed zam\u011bstnanc\u016f a odborn\u00e9 p\u0159\u00edpravy preventivn\u00edch po\u017e\u00e1rn\u00edch hl\u00eddek a preventist\u016f po\u017e\u00e1rn\u00ed ochrany <em>(vyhl\u00e1\u0161ka \u010d. 246\/2001 Sb., \u00a7 36)<\/em>,\n<\/ol>\n<ol>\n \th. Dokumentace o proveden\u00e9m \u0161kolen\u00ed zam\u011bstnanc\u016f a odborn\u00e9 p\u0159\u00edprav\u011b preventivn\u00edch po\u017e\u00e1rn\u00edch hl\u00eddek a preventist\u016f po\u017e\u00e1rn\u00ed ochrany <em>(vyhl\u00e1\u0161ka \u010d. 246\/2001 Sb., \u00a7 36)<\/em>,\n<\/ol>\n<ol>\n \ti. Po\u017e\u00e1rn\u00ed kniha <em>(vyhl\u00e1\u0161ka \u010d. 246\/2001 Sb., \u00a7 37)<\/em>,\n<\/ol>\n<ol> \tj. Dokumentace o \u010dinnosti a akceschopnosti jednotky po\u017e\u00e1rn\u00ed ochrany, pop\u0159\u00edpad\u011b po\u017e\u00e1rn\u00ed hl\u00eddky\n<\/ol>\n<ol>\n \tk. Konzultace v\u00a0oblastech po\u017e\u00e1rn\u00ed ochrany, s\u00a0ohledem na projektovou dokumentaci, smlouvy, revize a kontroly vyhrazen\u00fdch po\u017e\u00e1rn\u00edch za\u0159\u00edzen\u00ed\n<\/ol>\n<ol>\n \tl. Sou\u010dinnost p\u0159i v\u00fdkonu st\u00e1tn\u00edch kontroln\u00edch org\u00e1n\u016f St\u00e1tn\u00edmu po\u017e\u00e1rn\u00edmu dozoru\n<\/ol>\n<ol>\n \tm. Proveden\u00ed fyzick\u00fdch kontrol v&nbsp;oblastech po\u017e\u00e1rn\u00ed ochrany, v\u010detn\u011b z\u00e1pisu o t\u011bchto kontrol\u00e1ch<br \/>\n \tn. Veden\u00ed po\u017e\u00e1rn\u00ed knihy\n<\/ol>\n","protected":false},"excerpt":{"rendered":"<p>Po\u017e\u00e1rn\u00ed ochrana: zn\u00e1te po\u0159ekadlo \u2013 ohe\u0148 je dobr\u00fd sluha, ale zl\u00fd p\u00e1n? A souhlasili byste s\u00a0t\u00edm, \u017ee po\u017e\u00e1r nen\u00ed ohe\u0148 a ohe\u0148 nen\u00ed po\u017e\u00e1r? Pomysln\u00fdm mezn\u00edkem mezi ohn\u011bm a po\u017e\u00e1rem je hled\u00e1n\u00ed souvislost\u00ed v&nbsp;r\u00e1mci ka\u017edodenn\u00ed lidsk\u00e9 \u010dinnosti, spr\u00e1vn\u011b nastaven\u00fdm syst\u00e9mem prevence v\u00a0po\u017e\u00e1rn\u00ed ochran\u011b a zodpov\u011bdn\u00fdm p\u0159\u00edstupem v&nbsp;ot\u00e1zce zaji\u0161t\u011bn\u00ed po\u017e\u00e1rn\u00ed ochrany. V\u00a0r\u00e1mci n\u011bkolikalet\u00e9 praxe a zodpov\u011bdn\u00e9ho [&hellip;]<\/p>\n","protected":false},"author":1,"featured_media":0,"parent":0,"menu_order":0,"comment_status":"closed","ping_status":"open","template":"","meta":[],"_links":{"self":[{"href":"https:\/\/bozppoczech.cz\/index.php?rest_route=\/wp\/v2\/pages\/2"}],"collection":[{"href":"https:\/\/bozppoczech.cz\/index.php?rest_route=\/wp\/v2\/pages"}],"about":[{"href":"https:\/\/bozppoczech.cz\/index.php?rest_route=\/wp\/v2\/types\/page"}],"author":[{"embeddable":true,"href":"https:\/\/bozppoczech.cz\/index.php?rest_route=\/wp\/v2\/users\/1"}],"replies":[{"embeddable":true,"href":"https:\/\/bozppoczech.cz\/index.php?rest_route=%2Fwp%2Fv2%2Fcomments&post=2"}],"version-history":[{"count":18,"href":"https:\/\/bozppoczech.cz\/index.php?rest_route=\/wp\/v2\/pages\/2\/revisions"}],"predecessor-version":[{"id":105,"href":"https:\/\/bozppoczech.cz\/index.php?rest_route=\/wp\/v2\/pages\/2\/revisions\/105"}],"wp:attachment":[{"href":"https:\/\/bozppoczech.cz\/index.php?rest_route=%2Fwp%2Fv2%2Fmedia&parent=2"}],"curies":[{"name":"wp","href":"https:\/\/api.w.org\/{rel}","templated":true}]}}