{"id":198,"date":"2018-09-08T20:23:51","date_gmt":"2018-09-08T18:23:51","guid":{"rendered":"http:\/\/bozppoczech.cz\/?page_id=198"},"modified":"2018-09-08T20:23:51","modified_gmt":"2018-09-08T18:23:51","slug":"inzenyring","status":"publish","type":"page","link":"https:\/\/bozppoczech.cz\/?page_id=198","title":{"rendered":"IN\u017dEN\u00ddRING"},"content":{"rendered":"<p>Pro mnoho lid\u00ed je &#8220;in\u017een\u00fdring&#8221; pojem zcela nezn\u00e1m\u00fd. Skr\u00fdv\u00e1 se v&nbsp;n\u011bm ve\u0161ker\u00e1 agenda a byrokracie spojen\u00e1 s&nbsp;prov\u00e1d\u011bn\u00edm staveb, tzn. zaji\u0161t\u011bn\u00ed stanovisek dot\u010den\u00fdch org\u00e1n\u016f st\u00e1tn\u00ed spr\u00e1vy, samospr\u00e1vy a spr\u00e1vc\u016f technick\u00e9 a dopravn\u00ed infrastruktury.<br \/>\nV&nbsp;r\u00e1mci &#8220;in\u017een\u00fdringu&#8221; je mo\u017en\u00e9 pro V\u00e1s zajistit ve\u0161ker\u00e1 povolen\u00ed nutn\u00e1 pro proveden\u00ed stavby, vyj\u00e1d\u0159en\u00ed dot\u010den\u00fdch org\u00e1n\u016f st\u00e1tn\u00ed spr\u00e1vy, poradenskou \u010dinnost, a to v\u0161e od p\u0159\u00edpravy, pr\u016fb\u011bh a\u017e po dokon\u010den\u00ed a uveden\u00ed stavby do provozu, p\u0159\u00edpadn\u011b i zaji\u0161t\u011bn\u00ed technick\u00e9ho dozoru na Va\u0161\u00ed stavb\u011b. <\/p>\n","protected":false},"excerpt":{"rendered":"<p>Pro mnoho lid\u00ed je &#8220;in\u017een\u00fdring&#8221; pojem zcela nezn\u00e1m\u00fd. Skr\u00fdv\u00e1 se v&nbsp;n\u011bm ve\u0161ker\u00e1 agenda a byrokracie spojen\u00e1 s&nbsp;prov\u00e1d\u011bn\u00edm staveb, tzn. zaji\u0161t\u011bn\u00ed stanovisek dot\u010den\u00fdch org\u00e1n\u016f st\u00e1tn\u00ed spr\u00e1vy, samospr\u00e1vy a spr\u00e1vc\u016f technick\u00e9 a dopravn\u00ed infrastruktury. V&nbsp;r\u00e1mci &#8220;in\u017een\u00fdringu&#8221; je mo\u017en\u00e9 pro V\u00e1s zajistit ve\u0161ker\u00e1 povolen\u00ed nutn\u00e1 pro proveden\u00ed stavby, vyj\u00e1d\u0159en\u00ed dot\u010den\u00fdch org\u00e1n\u016f st\u00e1tn\u00ed spr\u00e1vy, poradenskou \u010dinnost, a to v\u0161e [&hellip;]<\/p>\n","protected":false},"author":2,"featured_media":0,"parent":0,"menu_order":0,"comment_status":"closed","ping_status":"closed","template":"","meta":[],"_links":{"self":[{"href":"https:\/\/bozppoczech.cz\/index.php?rest_route=\/wp\/v2\/pages\/198"}],"collection":[{"href":"https:\/\/bozppoczech.cz\/index.php?rest_route=\/wp\/v2\/pages"}],"about":[{"href":"https:\/\/bozppoczech.cz\/index.php?rest_route=\/wp\/v2\/types\/page"}],"author":[{"embeddable":true,"href":"https:\/\/bozppoczech.cz\/index.php?rest_route=\/wp\/v2\/users\/2"}],"replies":[{"embeddable":true,"href":"https:\/\/bozppoczech.cz\/index.php?rest_route=%2Fwp%2Fv2%2Fcomments&post=198"}],"version-history":[{"count":1,"href":"https:\/\/bozppoczech.cz\/index.php?rest_route=\/wp\/v2\/pages\/198\/revisions"}],"predecessor-version":[{"id":199,"href":"https:\/\/bozppoczech.cz\/index.php?rest_route=\/wp\/v2\/pages\/198\/revisions\/199"}],"wp:attachment":[{"href":"https:\/\/bozppoczech.cz\/index.php?rest_route=%2Fwp%2Fv2%2Fmedia&parent=198"}],"curies":[{"name":"wp","href":"https:\/\/api.w.org\/{rel}","templated":true}]}}