{"id":180,"date":"2018-08-17T16:15:19","date_gmt":"2018-08-17T14:15:19","guid":{"rendered":"http:\/\/bozppoczech.cz\/?page_id=180"},"modified":"2018-08-17T16:15:19","modified_gmt":"2018-08-17T14:15:19","slug":"kurz-prvni-pomoci","status":"publish","type":"page","link":"https:\/\/bozppoczech.cz\/?page_id=180","title":{"rendered":"KURZ PRVN\u00cd POMOCI"},"content":{"rendered":"<p>\u0158\u00edk\u00e1te si pro\u010d absolvovat kurz prvn\u00ed pomoci? \u017de se V\u00e1m je\u0161t\u011b nic nestalo, nebo \u017ee se V\u00e1m nic v&nbsp; zam\u011bstn\u00e1n\u00ed st\u00e1t nem\u016f\u017ee?<br \/>\nV\u00edte jak byste zareagovali, kdyby se V\u00e1m kolega sesunul k&nbsp;zemi a p\u0159estal d\u00fdchat? Nebo se V\u00e1m ji\u017e n\u011bco podobn\u00e9ho stalo a nev\u011bd\u011bli jste si rady?<br \/>\nV\u011bd\u011bt JAK se V\u00e1m m\u016f\u017ee hodit!<br \/>\nM\u016f\u017eeme V\u00e1m nab\u00eddnout jak kurzy z\u00e1kladn\u00edch zdravotnick\u00fdch znalost\u00ed, tak i kurzy vyu\u017e\u00edvaj\u00edc\u00ed z\u00e1\u017eitkovou pedagogiku maskov\u00e1n\u00ed \u201cre\u00e1ln\u00fdch\u201d poran\u011bn\u00ed. M\u016f\u017eete si vyzkou\u0161et jak\u00e9 to je b\u00fdt nejen zasahuj\u00edc\u00ed a pom\u00e1haj\u00edc\u00ed, ale i jak\u00e9 to je, kdy\u017e se o v\u00e1s n\u011bkdo star\u00e1 a pom\u00e1h\u00e1 V\u00e1m.<\/p>\n<p>T\u00e9mata kurz\u016f<\/p>\n<p>\u2022\tposkytov\u00e1n\u00ed prvn\u00ed pomoci ve stavebnictv\u00ed<br \/>\n\u2022\tposkytov\u00e1n\u00ed prvn\u00ed pomoci v&nbsp;zubn\u00edch ordinac\u00edch<br \/>\n\u2022\tposkytov\u00e1n\u00ed prvn\u00ed pomoci v&nbsp;kancel\u00e1\u0159\u00edch<br \/>\n\u2022\tposkytov\u00e1n\u00ed prvn\u00ed pomoci ve \u0161koln\u00edch za\u0159\u00edzen\u00edch<br \/>\n\u2022\tposkytov\u00e1n\u00ed prvn\u00ed pomoci v&nbsp;domovech pro seniory<br \/>\n\u2022\tposkytov\u00e1n\u00ed prvn\u00ed pomoci p\u0159i autonehod\u011b<br \/>\n\u2022\tz\u00e1kladn\u00ed zdravotnick\u00e9 znalosti<\/p>\n<p>Pokud jste nena\u0161li v&nbsp;na\u0161ich t\u00e9matech co by jste pot\u0159ebovali, kontaktujte n\u00e1s a my v\u00e1m u\u0161ijeme kurz p\u0159\u00edmo na m\u00edru.<\/p>\n","protected":false},"excerpt":{"rendered":"<p>\u0158\u00edk\u00e1te si pro\u010d absolvovat kurz prvn\u00ed pomoci? \u017de se V\u00e1m je\u0161t\u011b nic nestalo, nebo \u017ee se V\u00e1m nic v&nbsp; zam\u011bstn\u00e1n\u00ed st\u00e1t nem\u016f\u017ee? V\u00edte jak byste zareagovali, kdyby se V\u00e1m kolega sesunul k&nbsp;zemi a p\u0159estal d\u00fdchat? Nebo se V\u00e1m ji\u017e n\u011bco podobn\u00e9ho stalo a nev\u011bd\u011bli jste si rady? V\u011bd\u011bt JAK se V\u00e1m m\u016f\u017ee hodit! M\u016f\u017eeme V\u00e1m [&hellip;]<\/p>\n","protected":false},"author":2,"featured_media":0,"parent":0,"menu_order":0,"comment_status":"closed","ping_status":"closed","template":"","meta":[],"_links":{"self":[{"href":"https:\/\/bozppoczech.cz\/index.php?rest_route=\/wp\/v2\/pages\/180"}],"collection":[{"href":"https:\/\/bozppoczech.cz\/index.php?rest_route=\/wp\/v2\/pages"}],"about":[{"href":"https:\/\/bozppoczech.cz\/index.php?rest_route=\/wp\/v2\/types\/page"}],"author":[{"embeddable":true,"href":"https:\/\/bozppoczech.cz\/index.php?rest_route=\/wp\/v2\/users\/2"}],"replies":[{"embeddable":true,"href":"https:\/\/bozppoczech.cz\/index.php?rest_route=%2Fwp%2Fv2%2Fcomments&post=180"}],"version-history":[{"count":1,"href":"https:\/\/bozppoczech.cz\/index.php?rest_route=\/wp\/v2\/pages\/180\/revisions"}],"predecessor-version":[{"id":181,"href":"https:\/\/bozppoczech.cz\/index.php?rest_route=\/wp\/v2\/pages\/180\/revisions\/181"}],"wp:attachment":[{"href":"https:\/\/bozppoczech.cz\/index.php?rest_route=%2Fwp%2Fv2%2Fmedia&parent=180"}],"curies":[{"name":"wp","href":"https:\/\/api.w.org\/{rel}","templated":true}]}}