{"id":168,"date":"2018-08-06T18:40:44","date_gmt":"2018-08-06T16:40:44","guid":{"rendered":"http:\/\/bozppoczech.cz\/?page_id=168"},"modified":"2018-08-06T18:42:01","modified_gmt":"2018-08-06T16:42:01","slug":"chemicke-latky-a-smesi","status":"publish","type":"page","link":"https:\/\/bozppoczech.cz\/?page_id=168","title":{"rendered":"CHEMICK\u00c9 L\u00c1TKY A SM\u011aSI"},"content":{"rendered":"<p>B\u011bhem ka\u017edodenn\u00ed \u010dinnosti se setk\u00e1v\u00e1me se \u0161irok\u00fdm spektrem r\u016fzn\u00fdch chemick\u00fdch l\u00e1tek a sm\u011bs\u00ed. Pojem chemick\u00e9 l\u00e1tky a sm\u011bsi v\u0161ichni dob\u0159e zn\u00e1me, ale problematika v&nbsp;t\u00e9to oblasti je v\u00fdrazn\u011b slo\u017eit\u011bj\u0161\u00ed. Neodborn\u00fdm nebo nezodpov\u011bdn\u00fdm p\u0159\u00edstupem p\u0159i v\u00fdrob\u011b, manipulaci, skladov\u00e1n\u00ed a doprav\u011b t\u011bchto l\u00e1tek se m\u016f\u017eeme dopustit vzniku ne\u017e\u00e1douc\u00ed a\u017e krizov\u00e9 situace (smrt, \u00faraz, \u0161kody na \u017eivotn\u00edm prost\u0159ed\u00ed \u2013 kontaminace povrchov\u00fdch, podzemn\u00edch i kanaliza\u010dn\u00edch vod, ovzdu\u0161\u00ed, p\u016fdy, faun\u011b i flo\u0159e).<br \/>\nDbejme tedy na svou vlastn\u00ed bezpe\u010dnost i na prost\u0159ed\u00ed v&nbsp;n\u011bm\u017e chceme \u017e\u00edt.<\/p>\n<p>A.\tKonzulta\u010dn\u00ed \u010dinnost v&nbsp;oblasti chemick\u00fdch l\u00e1tek a sm\u011bs\u00ed: Chemick\u00fd z\u00e1kon 350\/2011 Sb. a novelizace 61\/2014 Sb.<br \/>\nB.\tKonzulta\u010dn\u00ed \u010dinnost v&nbsp;oblasti chemick\u00fdch l\u00e1tek a sm\u011bs\u00ed: z\u00e1kon 224\/2015 Sb., o prevenci z\u00e1va\u017en\u00fdch hav\u00e1ri\u00ed zp\u016fsoben\u00fdch vybran\u00fdmi nebezpe\u010dn\u00fdmi chemick\u00fdmi l\u00e1tkami nebo chemick\u00fdmi sm\u011bsmi a o zm\u011bn\u011b z\u00e1kona \u010d. 634\/2004 Sb., o spr\u00e1vn\u00edch poplatc\u00edch, ve zn\u011bn\u00ed pozd\u011bj\u0161\u00edch p\u0159edpis\u016f, (z\u00e1kon o prevenci z\u00e1va\u017en\u00fdch hav\u00e1ri\u00ed).<br \/>\nC.\tKonzulta\u010dn\u00ed oblast v&nbsp;oblasti chemick\u00fdch l\u00e1tek a sm\u011bs\u00ed: z\u00e1kon 258\/2000 Sb. a novelizace 267\/2015 Sb., o ochran\u011b ve\u0159ejn\u00e9ho zdrav\u00ed a o zm\u011bn\u011b n\u011bkter\u00fdch souvisej\u00edc\u00edch z\u00e1kon\u016f, ve zn\u011bn\u00ed pozd\u011bj\u0161\u00edch p\u0159edpis\u016f, a dal\u0161\u00ed souvisej\u00edc\u00ed z\u00e1kony.<br \/>\nD.\tBezpe\u010dnostn\u00ed listy \u2013 tvorba a revize (z\u00e1kon 830\/2015\/ES), kter\u00fdm se m\u011bn\u00ed na\u0159\u00edzen\u00ed Evropsk\u00e9ho parlamentu a Rady (ES). 1907\/2006 o registraci, hodnocen\u00ed, povolov\u00e1n\u00ed a omezov\u00e1n\u00ed chemick\u00fdch l\u00e1tek, 1907\/2006\/ES o registraci, hodnocen\u00ed, povolov\u00e1n\u00ed a omezov\u00e1n\u00ed chemick\u00fdch l\u00e1tek, o z\u0159\u00edzen\u00ed Evropsk\u00e9 agentury pro chemick\u00e9 l\u00e1tky (REACH), 1272\/2008\/ES o klasifikaci, ozna\u010dov\u00e1n\u00ed a balen\u00ed l\u00e1tek a sm\u011bs\u00ed, o zm\u011bn\u011b a zru\u0161en\u00ed sm\u011brnic 67\/548\/EHS a 1999\/45\/ES a o zm\u011bn\u011b na\u0159\u00edzen\u00ed (ES) \u010d. 1907\/2006 (CLP)).<br \/>\nE.\tBezpe\u010dnostn\u00ed listy: p\u0159eklad EN\/CZ.<br \/>\nF.\tTvorba dokumentace ve vztahu k&nbsp;chemick\u00fdm l\u00e1tk\u00e1m a sm\u011bs\u00edm.<\/p>\n<p>&nbsp;<\/p>\n","protected":false},"excerpt":{"rendered":"<p>B\u011bhem ka\u017edodenn\u00ed \u010dinnosti se setk\u00e1v\u00e1me se \u0161irok\u00fdm spektrem r\u016fzn\u00fdch chemick\u00fdch l\u00e1tek a sm\u011bs\u00ed. Pojem chemick\u00e9 l\u00e1tky a sm\u011bsi v\u0161ichni dob\u0159e zn\u00e1me, ale problematika v&nbsp;t\u00e9to oblasti je v\u00fdrazn\u011b slo\u017eit\u011bj\u0161\u00ed. Neodborn\u00fdm nebo nezodpov\u011bdn\u00fdm p\u0159\u00edstupem p\u0159i v\u00fdrob\u011b, manipulaci, skladov\u00e1n\u00ed a doprav\u011b t\u011bchto l\u00e1tek se m\u016f\u017eeme dopustit vzniku ne\u017e\u00e1douc\u00ed a\u017e krizov\u00e9 situace (smrt, \u00faraz, \u0161kody na \u017eivotn\u00edm prost\u0159ed\u00ed \u2013 [&hellip;]<\/p>\n","protected":false},"author":2,"featured_media":0,"parent":0,"menu_order":0,"comment_status":"closed","ping_status":"closed","template":"","meta":[],"_links":{"self":[{"href":"https:\/\/bozppoczech.cz\/index.php?rest_route=\/wp\/v2\/pages\/168"}],"collection":[{"href":"https:\/\/bozppoczech.cz\/index.php?rest_route=\/wp\/v2\/pages"}],"about":[{"href":"https:\/\/bozppoczech.cz\/index.php?rest_route=\/wp\/v2\/types\/page"}],"author":[{"embeddable":true,"href":"https:\/\/bozppoczech.cz\/index.php?rest_route=\/wp\/v2\/users\/2"}],"replies":[{"embeddable":true,"href":"https:\/\/bozppoczech.cz\/index.php?rest_route=%2Fwp%2Fv2%2Fcomments&post=168"}],"version-history":[{"count":2,"href":"https:\/\/bozppoczech.cz\/index.php?rest_route=\/wp\/v2\/pages\/168\/revisions"}],"predecessor-version":[{"id":172,"href":"https:\/\/bozppoczech.cz\/index.php?rest_route=\/wp\/v2\/pages\/168\/revisions\/172"}],"wp:attachment":[{"href":"https:\/\/bozppoczech.cz\/index.php?rest_route=%2Fwp%2Fv2%2Fmedia&parent=168"}],"curies":[{"name":"wp","href":"https:\/\/api.w.org\/{rel}","templated":true}]}}