{"id":151,"date":"2018-07-26T10:52:05","date_gmt":"2018-07-26T08:52:05","guid":{"rendered":"http:\/\/bozppoczech.cz\/?page_id=151"},"modified":"2019-09-18T12:34:10","modified_gmt":"2019-09-18T10:34:10","slug":"odpadove-hospodarstvi","status":"publish","type":"page","link":"https:\/\/bozppoczech.cz\/?page_id=151","title":{"rendered":"ODPADOV\u00c9 HOSPOD\u00c1\u0158STV\u00cd"},"content":{"rendered":"<p>&nbsp;<\/p>\n<p>P\u0159i \u010dinnostech ve Va\u0161em podniku vznikaj\u00ed r\u016fzn\u00e9 druhy odpad\u016f, kter\u00e9 mus\u00edte dle legislativn\u00edch p\u0159edpis\u016f likvidovat a v&nbsp;sou\u010dasn\u00e9 dob\u011b se st\u00e1le \u010dast\u011bji mluv\u00ed o udr\u017eitelnosti, kter\u00e1 se t\u00fdk\u00e1 i V\u00e1s.<\/p>\n<p>S ohledem na specifick\u00e9 podm\u00ednky podniku nastav\u00edme syst\u00e9m odpadov\u00e9ho hospod\u00e1\u0159stv\u00ed, zajist\u00edme pr\u016fb\u011b\u017enou evidenci a povinn\u00e9 ro\u010dn\u00ed hl\u00e1\u0161en\u00ed v&nbsp;syst\u00e9mu ISPOP. Zajist\u00edme komunikaci se st\u00e1tn\u00edmi org\u00e1ny. Provedeme aplikaci zm\u011bn vypl\u00fdvaj\u00edc\u00ed ze zm\u011bn legislativn\u00edch p\u0159edpis\u016f.<\/p>\n<p>&nbsp;<\/p>\n<p>\u010cINNOSTI KTER\u00c9 ZAJI\u0160\u0164UJEME:<\/p>\n<p>1. Odborn\u011b veden\u00e1 agenda nakl\u00e1d\u00e1n\u00ed s&nbsp;odpady; jedn\u00e1n\u00ed s&nbsp;org\u00e1ny st\u00e1tn\u00ed spr\u00e1vy ve v\u011bcech odpadov\u00e9ho hospod\u00e1\u0159stv\u00ed (dle z\u00e1kona \u010d. 185\/2001 Sb. o odpadech, v&nbsp;platn\u00e9m zn\u011bn\u00ed, \u00a7 15)<\/p>\n<p>2. Identifikace a za\u0159azen\u00ed odpad\u016f; optimalizace syst\u00e9mu odpadov\u00e9ho hospod\u00e1\u0159stv\u00ed dle z\u00e1konn\u00e9 hierarchie zp\u016fsob\u016f nakl\u00e1d\u00e1n\u00ed s&nbsp;odpady (dle z\u00e1kona \u010d. 185\/2001 Sb. o odpadech, v&nbsp;platn\u00e9m zn\u011bn\u00ed a p\u0159\u00edslu\u0161n\u00fdch vyhl\u00e1\u0161ek)<\/p>\n<p>2. Veden\u00ed pr\u016fb\u011b\u017en\u00e9 evidence a pod\u00e1v\u00e1n\u00ed hl\u00e1\u0161en\u00ed do syst\u00e9mu ISPOP v&nbsp;r\u00e1mci odpadov\u00e9ho hospod\u00e1\u0159stv\u00ed (dle z\u00e1kona \u010d. 185\/2001 Sb. o odpadech, v&nbsp;platn\u00e9m zn\u011bn\u00ed, \u00a7 39)<\/p>\n<p>3. Ozna\u010dov\u00e1n\u00ed nebezpe\u010dn\u00fdch odpad\u016f (dle z\u00e1kona \u010d. 185\/2001 Sb. o odpadech, v&nbsp;platn\u00e9m zn\u011bn\u00ed, \u00a7 13);<\/p>\n<p>4. Vypracov\u00e1n\u00ed identifika\u010dn\u00edch list\u016f nebezpe\u010dn\u00fdch odpad\u016f a zaveden\u00ed do provozn\u00edch podm\u00ednek dle z\u00e1kona \u010d. 185\/2001 Sb. o odpadech, v&nbsp;platn\u00e9m zn\u011bn\u00ed, \u00a7 13)<\/p>\n<p>5. Spolupr\u00e1ce s&nbsp;extern\u00edmi dodavateli v&nbsp;r\u00e1mci odpadov\u00e9ho hospod\u00e1\u0159stv\u00ed (nap\u0159. zaji\u0161t\u011bn\u00ed svozu, likvidace odpadu, v\u010detn\u011b odpadu nebezpe\u010dn\u00e9ho)<\/p>\n<p>5.&nbsp;\u0160kolen\u00ed zam\u011bstnanc\u016f v&nbsp;r\u00e1mci odpadov\u00e9ho hospod\u00e1\u0159stv\u00ed (m\u016f\u017ee b\u00fdt sou\u010d\u00e1st\u00ed \u0161kolen\u00ed BOZP)<\/p>\n<p>6. Intern\u00ed kontrola zam\u011bstnanc\u016f v&nbsp;r\u00e1mci odpadov\u00e9ho hospod\u00e1\u0159stv\u00ed, kontrola syst\u00e9mu odpadov\u00e9ho hospod\u00e1\u0159stv\u00ed<\/p>\n<p>7. N\u00e1kup pot\u0159ebn\u00e9ho vybaven\u00ed v&nbsp;r\u00e1mci odpadov\u00e9ho hospod\u00e1\u0159stv\u00ed (nap\u0159. n\u00e1doby na odpad)<\/p>\n<p>8. Implementace nov\u00fdch legislativn\u00edch po\u017eadavk\u016f na provozn\u00ed podm\u00ednky<\/p>\n<p>9. Tvorba odborn\u00e9 intern\u00ed dokumentace v&nbsp;r\u00e1mci odpadov\u00e9ho hospod\u00e1\u0159stv\u00ed (nap\u0159. pravidla, sm\u011brnice)<\/p>\n","protected":false},"excerpt":{"rendered":"<p>&nbsp; P\u0159i \u010dinnostech ve Va\u0161em podniku vznikaj\u00ed r\u016fzn\u00e9 druhy odpad\u016f, kter\u00e9 mus\u00edte dle legislativn\u00edch p\u0159edpis\u016f likvidovat a v&nbsp;sou\u010dasn\u00e9 dob\u011b se st\u00e1le \u010dast\u011bji mluv\u00ed o udr\u017eitelnosti, kter\u00e1 se t\u00fdk\u00e1 i V\u00e1s. S&nbsp;ohledem na specifick\u00e9 podm\u00ednky podniku nastav\u00edme syst\u00e9m odpadov\u00e9ho hospod\u00e1\u0159stv\u00ed, zajist\u00edme pr\u016fb\u011b\u017enou evidenci a povinn\u00e9 ro\u010dn\u00ed hl\u00e1\u0161en\u00ed v&nbsp;syst\u00e9mu ISPOP. Zajist\u00edme komunikaci se st\u00e1tn\u00edmi org\u00e1ny. Provedeme [&hellip;]<\/p>\n","protected":false},"author":2,"featured_media":0,"parent":0,"menu_order":0,"comment_status":"closed","ping_status":"closed","template":"","meta":[],"_links":{"self":[{"href":"https:\/\/bozppoczech.cz\/index.php?rest_route=\/wp\/v2\/pages\/151"}],"collection":[{"href":"https:\/\/bozppoczech.cz\/index.php?rest_route=\/wp\/v2\/pages"}],"about":[{"href":"https:\/\/bozppoczech.cz\/index.php?rest_route=\/wp\/v2\/types\/page"}],"author":[{"embeddable":true,"href":"https:\/\/bozppoczech.cz\/index.php?rest_route=\/wp\/v2\/users\/2"}],"replies":[{"embeddable":true,"href":"https:\/\/bozppoczech.cz\/index.php?rest_route=%2Fwp%2Fv2%2Fcomments&post=151"}],"version-history":[{"count":8,"href":"https:\/\/bozppoczech.cz\/index.php?rest_route=\/wp\/v2\/pages\/151\/revisions"}],"predecessor-version":[{"id":249,"href":"https:\/\/bozppoczech.cz\/index.php?rest_route=\/wp\/v2\/pages\/151\/revisions\/249"}],"wp:attachment":[{"href":"https:\/\/bozppoczech.cz\/index.php?rest_route=%2Fwp%2Fv2%2Fmedia&parent=151"}],"curies":[{"name":"wp","href":"https:\/\/api.w.org\/{rel}","templated":true}]}}