{"id":124,"date":"2018-07-05T19:35:20","date_gmt":"2018-07-05T17:35:20","guid":{"rendered":"http:\/\/bozppoczech.cz\/?page_id=124"},"modified":"2018-08-17T16:47:47","modified_gmt":"2018-08-17T14:47:47","slug":"osvedceni","status":"publish","type":"page","link":"https:\/\/bozppoczech.cz\/?page_id=124","title":{"rendered":"OSV\u011aD\u010cEN\u00cd"},"content":{"rendered":"<p><a href=\"http:\/\/bozppoczech.cz\/wp-content\/uploads\/2018\/07\/Odborn\u00e1_zp\u016fsobilost_v_prevenci_rizik.pdf\">Odborn\u00e1_zp\u016fsobilost_v_prevenci_rizik<\/a><\/p>\n<p><a href=\"http:\/\/bozppoczech.cz\/wp-content\/uploads\/2018\/07\/Osoba_odborn\u011b_zp\u016fsobil\u00e1_v_po\u017e\u00e1rn\u00ed_ochran\u011b.pdf\">Osoba_odborn\u011b_zp\u016fsobil\u00e1_v_po\u017e\u00e1rn\u00ed_ochran\u011b<\/a><\/p>\n<p><a href=\"http:\/\/bozppoczech.cz\/wp-content\/uploads\/2018\/08\/Vychovatelstv\u00ed-Pedagogika-voln\u00e9ho-\u010dasu_Jankovcova.pdf\">Vychovatelstv\u00ed &#8211; Pedagogika voln\u00e9ho \u010dasu_Jankovcova<\/a><\/p>\n<p><a href=\"http:\/\/bozppoczech.cz\/wp-content\/uploads\/2018\/08\/Diplomovan\u00fd-zdravotnick\u00fd-z\u00e1chran\u00e1\u0159_Jankovcova.pdf\">Diplomovan\u00fd zdravotnick\u00fd z\u00e1chran\u00e1\u0159_Jankovcova<\/a><\/p>\n<p><a href=\"http:\/\/bozppoczech.cz\/wp-content\/uploads\/2018\/08\/KOO_BOZP_Rehwaldova.pdf\">KOO_BOZP_Rehwaldova<\/a><\/p>\n<p><a href=\"http:\/\/bozppoczech.cz\/wp-content\/uploads\/2018\/08\/OZO-BOZP_Rehwaldova.pdf\">OZO BOZP_Rehwaldova<\/a><\/p>\n","protected":false},"excerpt":{"rendered":"<p>Odborn\u00e1_zp\u016fsobilost_v_prevenci_rizik Osoba_odborn\u011b_zp\u016fsobil\u00e1_v_po\u017e\u00e1rn\u00ed_ochran\u011b Vychovatelstv\u00ed &#8211; Pedagogika voln\u00e9ho \u010dasu_Jankovcova Diplomovan\u00fd zdravotnick\u00fd z\u00e1chran\u00e1\u0159_Jankovcova KOO_BOZP_Rehwaldova OZO BOZP_Rehwaldova<\/p>\n","protected":false},"author":2,"featured_media":0,"parent":0,"menu_order":0,"comment_status":"closed","ping_status":"closed","template":"","meta":[],"_links":{"self":[{"href":"https:\/\/bozppoczech.cz\/index.php?rest_route=\/wp\/v2\/pages\/124"}],"collection":[{"href":"https:\/\/bozppoczech.cz\/index.php?rest_route=\/wp\/v2\/pages"}],"about":[{"href":"https:\/\/bozppoczech.cz\/index.php?rest_route=\/wp\/v2\/types\/page"}],"author":[{"embeddable":true,"href":"https:\/\/bozppoczech.cz\/index.php?rest_route=\/wp\/v2\/users\/2"}],"replies":[{"embeddable":true,"href":"https:\/\/bozppoczech.cz\/index.php?rest_route=%2Fwp%2Fv2%2Fcomments&post=124"}],"version-history":[{"count":3,"href":"https:\/\/bozppoczech.cz\/index.php?rest_route=\/wp\/v2\/pages\/124\/revisions"}],"predecessor-version":[{"id":194,"href":"https:\/\/bozppoczech.cz\/index.php?rest_route=\/wp\/v2\/pages\/124\/revisions\/194"}],"wp:attachment":[{"href":"https:\/\/bozppoczech.cz\/index.php?rest_route=%2Fwp%2Fv2%2Fmedia&parent=124"}],"curies":[{"name":"wp","href":"https:\/\/api.w.org\/{rel}","templated":true}]}}