{"id":110,"date":"2018-06-29T23:09:17","date_gmt":"2018-06-29T21:09:17","guid":{"rendered":"http:\/\/bozppoczech.cz\/?page_id=110"},"modified":"2018-06-29T23:09:17","modified_gmt":"2018-06-29T21:09:17","slug":"reference","status":"publish","type":"page","link":"https:\/\/bozppoczech.cz\/?page_id=110","title":{"rendered":"REFERENCE"},"content":{"rendered":"<p><a href=\"http:\/\/bozppoczech.cz\/wp-content\/uploads\/2018\/06\/Reference-autosevis-Petr-Hole\u010dek.pdf\">Reference autosevis Petr Hole\u010dek<\/a><\/p>\n<p><a href=\"http:\/\/bozppoczech.cz\/wp-content\/uploads\/2018\/06\/Reference-Centrum-soci\u00e1ln\u00edch-slu\u017eeb-Broumov.pdf\">Reference Centrum soci\u00e1ln\u00edch slu\u017eeb Broumov<\/a><\/p>\n<p><a href=\"http:\/\/bozppoczech.cz\/wp-content\/uploads\/2018\/06\/Reference-Domov-senior\u016f-Praha-Kr\u010d.pdf\">Reference Domov senior\u016f Praha &#8211; Kr\u010d<\/a><\/p>\n<p><a href=\"http:\/\/bozppoczech.cz\/wp-content\/uploads\/2018\/06\/Reference-MUDr.-Panu\u0161ov\u00e1.pdf\">Reference MUDr. Panu\u0161ov\u00e1<\/a><\/p>\n<p><a href=\"http:\/\/bozppoczech.cz\/wp-content\/uploads\/2018\/06\/Reference-spol.-Prhas-s-r.o..pdf\">Reference spol. Prhas s&nbsp;r.o.<\/a><\/p>\n<p><a href=\"http:\/\/bozppoczech.cz\/wp-content\/uploads\/2018\/06\/Reference-STK-N\u00e1chod-s.r.o..pdf\">Reference STK N\u00e1chod s.r.o.<\/a><\/p>\n<p><a href=\"http:\/\/bozppoczech.cz\/wp-content\/uploads\/2018\/06\/Reference-Technick\u00e9-slu\u017eby-N\u00e1chod-s.r.o..pdf\">Reference Technick\u00e9 slu\u017eby N\u00e1chod s.r.o.<\/a><\/p>\n","protected":false},"excerpt":{"rendered":"<p>Reference autosevis Petr Hole\u010dek Reference Centrum soci\u00e1ln\u00edch slu\u017eeb Broumov Reference Domov senior\u016f Praha &#8211; Kr\u010d Reference MUDr. Panu\u0161ov\u00e1 Reference spol. Prhas s&nbsp;r.o. Reference STK N\u00e1chod s.r.o. Reference Technick\u00e9 slu\u017eby N\u00e1chod s.r.o.<\/p>\n","protected":false},"author":2,"featured_media":0,"parent":0,"menu_order":0,"comment_status":"closed","ping_status":"closed","template":"","meta":[],"_links":{"self":[{"href":"https:\/\/bozppoczech.cz\/index.php?rest_route=\/wp\/v2\/pages\/110"}],"collection":[{"href":"https:\/\/bozppoczech.cz\/index.php?rest_route=\/wp\/v2\/pages"}],"about":[{"href":"https:\/\/bozppoczech.cz\/index.php?rest_route=\/wp\/v2\/types\/page"}],"author":[{"embeddable":true,"href":"https:\/\/bozppoczech.cz\/index.php?rest_route=\/wp\/v2\/users\/2"}],"replies":[{"embeddable":true,"href":"https:\/\/bozppoczech.cz\/index.php?rest_route=%2Fwp%2Fv2%2Fcomments&post=110"}],"version-history":[{"count":3,"href":"https:\/\/bozppoczech.cz\/index.php?rest_route=\/wp\/v2\/pages\/110\/revisions"}],"predecessor-version":[{"id":122,"href":"https:\/\/bozppoczech.cz\/index.php?rest_route=\/wp\/v2\/pages\/110\/revisions\/122"}],"wp:attachment":[{"href":"https:\/\/bozppoczech.cz\/index.php?rest_route=%2Fwp%2Fv2%2Fmedia&parent=110"}],"curies":[{"name":"wp","href":"https:\/\/api.w.org\/{rel}","templated":true}]}}